{"id":367,"date":"2014-11-08T19:38:27","date_gmt":"2014-11-08T18:38:27","guid":{"rendered":"http:\/\/www.agriturismolecapanne.com\/?page_id=367"},"modified":"2023-01-05T14:29:47","modified_gmt":"2023-01-05T13:29:47","slug":"agriturismo-sostenibile","status":"publish","type":"page","link":"https:\/\/agriturismolecapanne.com\/it\/agriturismo-sostenibile\/","title":{"rendered":"Agriturismo Sostenibile"},"content":{"rendered":"<section class=\"wpb-content-wrapper\"><p>[vc_row][vc_column css=&#8221;.vc_custom_1415563294478{margin-top: 0px !important;margin-right: 0px !important;margin-bottom: 0px !important;margin-left: 0px !important;}&#8221;][vc_column_text]<\/p>\n<h1 style=\"text-align: center; font-family: WoodFont;\">LA NOSTRA ECO-FILOSOFIA<\/h1>\n<p>Ci definiamo un <strong>agriturismo sostenibile<\/strong> nel cuore della Toscana. Perch\u00e9? All\u2019azienda agricola biologica Le Capanne siamo gioiosamente dediti ad armonizzare la nostra vita con quella della Natura e a rendere <b>leggero<\/b> il nostro impatto su di essa, in un <b>percorso ecologico che si crea passo dopo passo<\/b>. Condividiamo questa attenzione con i nostri ospiti, i pi\u00f9 diventati <b>amici<\/b> nel corso dei quasi trent\u2019anni di accoglienza nella casa di famiglia riadattata ad agriturismo.[\/vc_column_text][vc_separator][vc_column_text]<\/p>\n<h1 style=\"font-family: WoodFont; text-align: center;\">LE NOSTRE ECO-PRASSI<\/h1>\n<p>[\/vc_column_text][vc_row_inner][vc_column_inner width=&#8221;1\/3&#8243;][vc_single_image image=&#8221;2144&#8243; img_size=&#8221;320&#215;232&#8243; alignment=&#8221;center&#8221;][vc_column_text]<\/p>\n<h2 style=\"font-family: WoodFont; text-align: center;\">Agricoltura Biologica<\/h2>\n<p style=\"text-align: justify;\">Facciamo <strong>agricoltura biologica<\/strong>, produciamo olio extra vergine di oliva e cosmetici eco-bio. \u00c8 il nostro contributo alla tutela dell\u2019ambiente e alla valorizzazione del territorio.<\/p>\n<p style=\"text-align: justify;\">Accogliamo i viaggiatori con un <strong>cesto di benvenuto con prodotti biologici<\/strong>. \u00c8 il nostro contributo alla sensibilizzazione all&#8217;importanza del cibo sano.<\/p>\n<p>[\/vc_column_text][\/vc_column_inner][vc_column_inner width=&#8221;1\/3&#8243;][vc_single_image image=&#8221;2179&#8243; img_size=&#8221;320&#215;232&#8243; alignment=&#8221;center&#8221;][vc_column_text]<\/p>\n<h2 style=\"font-family: WoodFont; text-align: center;\">Ecologici negli arredamenti<\/h2>\n<p style=\"text-align: justify;\">Facciamo riposare gli ospiti in confortevoli <a title=\"Appartamenti\" href=\"https:\/\/www.agriturismolecapanne.com\/appartamenti\/\">appartamenti<\/a> arredati essenzialmente con i mobili restaurati dei bisnonni, con i loro acciacchi e il loro fascino. \u00c8 il nostro contributo al <strong>recupero<\/strong> e al contrasto di ogni spreco.<\/p>\n<p>[\/vc_column_text][\/vc_column_inner][vc_column_inner width=&#8221;1\/3&#8243;][vc_single_image image=&#8221;293&#8243; img_size=&#8221;320&#215;232&#8243; alignment=&#8221;center&#8221;][vc_column_text]<\/p>\n<h2 style=\"font-family: WoodFont; text-align: center;\">Sostenibili nella tecnologia e nel prezzo<\/h2>\n<p style=\"text-align: justify;\">L&#8217;elettricit\u00e0 dell&#8217;agriturismo arriva da un fornitore energetico cooperativo che vende elettricit\u00e0<strong> rinnovabile<\/strong>. Illuminiamo gli appartamenti con lampadine a <strong>LED<\/strong>. Abbiamo i<strong> riduttori <\/strong>di flusso ai rubinetti e raccogliamo l&#8217;acqua <strong>piovana<\/strong> in una cisterna. \u00c8 il nostro contributo al risparmio energetico e idrico.<\/p>\n<p style=\"text-align: justify;\">Il nostro sito web \u00e8 ospitato da un provider<strong> eco-friendly<\/strong>. Abbiamo ideato le <strong>\u201c<a title=\"Appartamenti\" href=\"https:\/\/www.agriturismolecapanne.com\/it\/appartamenti\/#eco-formule\">eco-formule<\/a>\u201d<\/strong>. \u00c8 il nostro contributo a far s\u00ec che viaggiare diventi pi\u00f9 leggero, ecologicamente ed economicamente.<\/p>\n<p>[\/vc_column_text][\/vc_column_inner][\/vc_row_inner][vc_row_inner css=&#8221;.vc_custom_1416148656253{background-color: #212121 !important;}&#8221;][vc_column_inner width=&#8221;1\/3&#8243; css=&#8221;.vc_custom_1416148121639{padding-top: 20px !important;padding-right: 10px !important;padding-bottom: 20px !important;padding-left: 10px !important;}&#8221;][vc_column_text css=&#8221;.vc_custom_1430563453304{padding-top: 10% !important;padding-right: 5% !important;padding-bottom: 10% !important;padding-left: 5% !important;}&#8221;]<\/p>\n<h1 style=\"font-family: WoodFont;\"><\/h1>\n<h1 style=\"font-family: WoodFont;\"><\/h1>\n<h1 style=\"font-family: WoodFont;\"><span style=\"color: #ffffff;\">L&#8217;AGRITURISMO<\/span><\/h1>\n<p><span style=\"color: #ffffff;\">L\u2019agriturismo \u00e8 nell&#8217;antica casa colonica di famiglia, che \u00e8 stata ristrutturata per ricavarne tre appartamenti indipendenti: Maria, Amelia e Andreina. Gli appartamenti sono completamente arredati, forniti di biancheria da letto, da bagno e da cucina, sono tutti dotati di cucina a gas con forno e caminetto, TV satellitare e spazio privato esterno attrezzato. <\/span>[\/vc_column_text][\/vc_column_inner][vc_column_inner width=&#8221;2\/3&#8243; css=&#8221;.vc_custom_1416147878204{padding-top: 20px !important;padding-right: 10px !important;padding-bottom: 20px !important;}&#8221;][vc_gallery type=&#8221;image_grid&#8221; images=&#8221;698,700,702,1555,711,676,665,1567,880,897,699,709,708,710,697,877,673,562,669,1562&#8243;][\/vc_column_inner][\/vc_row_inner][vc_row_inner css=&#8221;.vc_custom_1416148029127{padding-top: 0px !important;background-color: #212121 !important;}&#8221;][vc_column_inner width=&#8221;2\/3&#8243; css=&#8221;.vc_custom_1416148144461{padding-top: 20px !important;padding-right: 10px !important;padding-bottom: 20px !important;padding-left: 10px !important;}&#8221;][vc_single_image image=&#8221;690&#8243; img_size=&#8221;full&#8221; alignment=&#8221;center&#8221;][\/vc_column_inner][vc_column_inner width=&#8221;1\/3&#8243; css=&#8221;.vc_custom_1416148156327{padding-top: 20px !important;padding-bottom: 20px !important;}&#8221;][vc_column_text css=&#8221;.vc_custom_1450883736752{padding-top: 10% !important;padding-right: 5% !important;padding-bottom: 10% !important;padding-left: 5% !important;}&#8221;]<a name=\"museo-contadino\"><\/a><\/p>\n<h1 style=\"font-family: WoodFont;\"><span style=\"color: #ffffff;\">DIAMO IMPORTANZA ALLE NOSTRE ORIGINI<\/span><\/h1>\n<p><span style=\"color: #ffffff;\">Stiamo allestendo un piccolo <strong>\u201cmuseo contadino\u201d<\/strong> che raccolga e custodisca le testimonianze della vita nella campagna toscana del secolo scorso. \u00c8 il nostro contributo per ricordare e tramandare le tradizioni. <\/span><\/p>\n<p>[\/vc_column_text][\/vc_column_inner][\/vc_row_inner][vc_row_inner css=&#8221;.vc_custom_1416148656253{background-color: #212121 !important;}&#8221;][vc_column_inner width=&#8221;1\/3&#8243; css=&#8221;.vc_custom_1416148121639{padding-top: 20px !important;padding-right: 10px !important;padding-bottom: 20px !important;padding-left: 10px !important;}&#8221;][vc_column_text css=&#8221;.vc_custom_1421232301375{padding-top: 10% !important;padding-right: 5% !important;padding-bottom: 10% !important;padding-left: 5% !important;}&#8221;]<\/p>\n<h1 style=\"font-family: WoodFont;\"><span style=\"color: #ffffff;\">BEN-ESSERE DI NATURA<\/span><\/h1>\n<p><a name=\"rigenerarsi-nella-natura\"><\/a><br \/>\n<span style=\"color: #ffffff;\">All\u2019azienda agricola biologica Le Capanne si respira la quiete che la Natura dona e si riscopre l\u2019autenticit\u00e0 dell\u2019accoglienza rurale. Profumi, panorami, scorci, suoni, convivialit\u00e0 per riconnettersi con il proprio ritmo interiore e riscoprire il vero ben-essere.<\/span>[\/vc_column_text][\/vc_column_inner][vc_column_inner width=&#8221;2\/3&#8243; css=&#8221;.vc_custom_1416147878204{padding-top: 20px !important;padding-right: 10px !important;padding-bottom: 20px !important;}&#8221;][vc_gallery interval=&#8221;0&#8243; images=&#8221;1111,678,700,701,704,669,665,667,663,1120&#8243; img_size=&#8221;450&#215;250&#8243;][\/vc_column_inner][\/vc_row_inner][\/vc_column][\/vc_row]<\/p>\n<\/section>","protected":false},"excerpt":{"rendered":"<p>[vc_row][vc_column css=&#8221;.vc_custom_1415563294478{margin-top: 0px !important;margin-right: 0px !important;margin-bottom: 0px !important;margin-left: 0px !important;}&#8221;][vc_column_text] LA NOSTRA ECO-FILOSOFIA Ci definiamo un agriturismo sostenibile nel cuore della Toscana. Perch\u00e9? All\u2019azienda agricola biologica Le Capanne siamo gioiosamente dediti ad armonizzare la nostra vita con quella della Natura e a rendere leggero il nostro impatto su di essa, in un percorso ecologico che [&hellip;]<\/p>\n","protected":false},"author":1,"featured_media":562,"parent":0,"menu_order":0,"comment_status":"closed","ping_status":"closed","template":"","meta":[],"yoast_head":"<!-- This site is optimized with the Yoast SEO plugin v16.9 - https:\/\/yoast.com\/wordpress\/plugins\/seo\/ -->\n<meta name=\"description\" content=\"Ci definiamo un agriturismo sostenibile perch\u00e9 siamo gioiosamente dediti ad armonizzare la nostra vita con quella della Natura.\" \/>\n<meta name=\"robots\" content=\"index, follow, max-snippet:-1, max-image-preview:large, max-video-preview:-1\" \/>\n<link rel=\"canonical\" href=\"https:\/\/agriturismolecapanne.com\/it\/agriturismo-sostenibile\/\" \/>\n<meta property=\"og:locale\" content=\"it_IT\" \/>\n<meta property=\"og:type\" content=\"article\" \/>\n<meta property=\"og:title\" content=\"Agriturismo sostenibile\" \/>\n<meta property=\"og:description\" content=\"Ci definiamo un agriturismo sostenibile perch\u00e9 siamo gioiosamente dediti ad armonizzare la nostra vita con quella della Natura.\" \/>\n<meta property=\"og:url\" content=\"https:\/\/agriturismolecapanne.com\/it\/agriturismo-sostenibile\/\" \/>\n<meta property=\"og:site_name\" content=\"Agriturismo Le Capanne\" \/>\n<meta property=\"article:modified_time\" content=\"2023-01-05T13:29:47+00:00\" \/>\n<meta property=\"og:image\" content=\"http:\/\/agriturismolecapanne.com\/wp-content\/uploads\/2014\/11\/Eggs-in-the-ivy.jpg\" \/>\n\t<meta property=\"og:image:width\" content=\"1176\" \/>\n\t<meta property=\"og:image:height\" content=\"882\" \/>\n<meta name=\"twitter:label1\" content=\"Tempo di lettura stimato\" \/>\n\t<meta name=\"twitter:data1\" content=\"3 minuti\" \/>\n<script type=\"application\/ld+json\" class=\"yoast-schema-graph\">{\"@context\":\"https:\/\/schema.org\",\"@graph\":[{\"@type\":\"WebSite\",\"@id\":\"https:\/\/agriturismolecapanne.com\/#website\",\"url\":\"https:\/\/agriturismolecapanne.com\/\",\"name\":\"Agriturismo Le Capanne\",\"description\":\"\",\"potentialAction\":[{\"@type\":\"SearchAction\",\"target\":{\"@type\":\"EntryPoint\",\"urlTemplate\":\"https:\/\/agriturismolecapanne.com\/?s={search_term_string}\"},\"query-input\":\"required name=search_term_string\"}],\"inLanguage\":\"it-IT\"},{\"@type\":\"ImageObject\",\"@id\":\"https:\/\/agriturismolecapanne.com\/it\/agriturismo-sostenibile\/#primaryimage\",\"inLanguage\":\"it-IT\",\"url\":\"https:\/\/agriturismolecapanne.com\/wp-content\/uploads\/2014\/11\/Eggs-in-the-ivy.jpg\",\"contentUrl\":\"https:\/\/agriturismolecapanne.com\/wp-content\/uploads\/2014\/11\/Eggs-in-the-ivy.jpg\",\"width\":\"1176\",\"height\":\"882\"},{\"@type\":\"WebPage\",\"@id\":\"https:\/\/agriturismolecapanne.com\/it\/agriturismo-sostenibile\/#webpage\",\"url\":\"https:\/\/agriturismolecapanne.com\/it\/agriturismo-sostenibile\/\",\"name\":\"Agriturismo sostenibile\",\"isPartOf\":{\"@id\":\"https:\/\/agriturismolecapanne.com\/#website\"},\"primaryImageOfPage\":{\"@id\":\"https:\/\/agriturismolecapanne.com\/it\/agriturismo-sostenibile\/#primaryimage\"},\"datePublished\":\"2014-11-08T18:38:27+00:00\",\"dateModified\":\"2023-01-05T13:29:47+00:00\",\"description\":\"Ci definiamo un agriturismo sostenibile perch\\u00e9 siamo gioiosamente dediti ad armonizzare la nostra vita con quella della Natura.\",\"breadcrumb\":{\"@id\":\"https:\/\/agriturismolecapanne.com\/it\/agriturismo-sostenibile\/#breadcrumb\"},\"inLanguage\":\"it-IT\",\"potentialAction\":[{\"@type\":\"ReadAction\",\"target\":[\"https:\/\/agriturismolecapanne.com\/it\/agriturismo-sostenibile\/\"]}]},{\"@type\":\"BreadcrumbList\",\"@id\":\"https:\/\/agriturismolecapanne.com\/it\/agriturismo-sostenibile\/#breadcrumb\",\"itemListElement\":[{\"@type\":\"ListItem\",\"position\":1,\"name\":\"Home\",\"item\":\"https:\/\/agriturismolecapanne.com\/it\/\"},{\"@type\":\"ListItem\",\"position\":2,\"name\":\"Agriturismo Sostenibile\"}]}]}<\/script>\n<!-- \/ Yoast SEO plugin. -->","yoast_head_json":{"description":"Ci definiamo un agriturismo sostenibile perch\u00e9 siamo gioiosamente dediti ad armonizzare la nostra vita con quella della Natura.","robots":{"index":"index","follow":"follow","max-snippet":"max-snippet:-1","max-image-preview":"max-image-preview:large","max-video-preview":"max-video-preview:-1"},"canonical":"https:\/\/agriturismolecapanne.com\/it\/agriturismo-sostenibile\/","og_locale":"it_IT","og_type":"article","og_title":"Agriturismo sostenibile","og_description":"Ci definiamo un agriturismo sostenibile perch\u00e9 siamo gioiosamente dediti ad armonizzare la nostra vita con quella della Natura.","og_url":"https:\/\/agriturismolecapanne.com\/it\/agriturismo-sostenibile\/","og_site_name":"Agriturismo Le Capanne","article_modified_time":"2023-01-05T13:29:47+00:00","og_image":[{"width":"1176","height":"882","url":"http:\/\/agriturismolecapanne.com\/wp-content\/uploads\/2014\/11\/Eggs-in-the-ivy.jpg","path":"\/home\/agriturismolecap\/webapps\/agriturismolecapanne_com\/wp-content\/uploads\/2014\/11\/Eggs-in-the-ivy.jpg","size":"full","id":562,"alt":"","pixels":1037232,"type":"image\/jpeg"}],"twitter_misc":{"Tempo di lettura stimato":"3 minuti"},"schema":{"@context":"https:\/\/schema.org","@graph":[{"@type":"WebSite","@id":"https:\/\/agriturismolecapanne.com\/#website","url":"https:\/\/agriturismolecapanne.com\/","name":"Agriturismo Le Capanne","description":"","potentialAction":[{"@type":"SearchAction","target":{"@type":"EntryPoint","urlTemplate":"https:\/\/agriturismolecapanne.com\/?s={search_term_string}"},"query-input":"required name=search_term_string"}],"inLanguage":"it-IT"},{"@type":"ImageObject","@id":"https:\/\/agriturismolecapanne.com\/it\/agriturismo-sostenibile\/#primaryimage","inLanguage":"it-IT","url":"https:\/\/agriturismolecapanne.com\/wp-content\/uploads\/2014\/11\/Eggs-in-the-ivy.jpg","contentUrl":"https:\/\/agriturismolecapanne.com\/wp-content\/uploads\/2014\/11\/Eggs-in-the-ivy.jpg","width":"1176","height":"882"},{"@type":"WebPage","@id":"https:\/\/agriturismolecapanne.com\/it\/agriturismo-sostenibile\/#webpage","url":"https:\/\/agriturismolecapanne.com\/it\/agriturismo-sostenibile\/","name":"Agriturismo sostenibile","isPartOf":{"@id":"https:\/\/agriturismolecapanne.com\/#website"},"primaryImageOfPage":{"@id":"https:\/\/agriturismolecapanne.com\/it\/agriturismo-sostenibile\/#primaryimage"},"datePublished":"2014-11-08T18:38:27+00:00","dateModified":"2023-01-05T13:29:47+00:00","description":"Ci definiamo un agriturismo sostenibile perch\u00e9 siamo gioiosamente dediti ad armonizzare la nostra vita con quella della Natura.","breadcrumb":{"@id":"https:\/\/agriturismolecapanne.com\/it\/agriturismo-sostenibile\/#breadcrumb"},"inLanguage":"it-IT","potentialAction":[{"@type":"ReadAction","target":["https:\/\/agriturismolecapanne.com\/it\/agriturismo-sostenibile\/"]}]},{"@type":"BreadcrumbList","@id":"https:\/\/agriturismolecapanne.com\/it\/agriturismo-sostenibile\/#breadcrumb","itemListElement":[{"@type":"ListItem","position":1,"name":"Home","item":"https:\/\/agriturismolecapanne.com\/it\/"},{"@type":"ListItem","position":2,"name":"Agriturismo Sostenibile"}]}]}},"_links":{"self":[{"href":"https:\/\/agriturismolecapanne.com\/it\/wp-json\/wp\/v2\/pages\/367"}],"collection":[{"href":"https:\/\/agriturismolecapanne.com\/it\/wp-json\/wp\/v2\/pages"}],"about":[{"href":"https:\/\/agriturismolecapanne.com\/it\/wp-json\/wp\/v2\/types\/page"}],"author":[{"embeddable":true,"href":"https:\/\/agriturismolecapanne.com\/it\/wp-json\/wp\/v2\/users\/1"}],"replies":[{"embeddable":true,"href":"https:\/\/agriturismolecapanne.com\/it\/wp-json\/wp\/v2\/comments?post=367"}],"version-history":[{"count":0,"href":"https:\/\/agriturismolecapanne.com\/it\/wp-json\/wp\/v2\/pages\/367\/revisions"}],"wp:featuredmedia":[{"embeddable":true,"href":"https:\/\/agriturismolecapanne.com\/it\/wp-json\/wp\/v2\/media\/562"}],"wp:attachment":[{"href":"https:\/\/agriturismolecapanne.com\/it\/wp-json\/wp\/v2\/media?parent=367"}],"curies":[{"name":"wp","href":"https:\/\/api.w.org\/{rel}","templated":true}]}}