{"id":115,"date":"2014-10-26T22:28:52","date_gmt":"2014-10-26T21:28:52","guid":{"rendered":"http:\/\/localhost\/wordpress\/?page_id=103"},"modified":"2023-02-09T15:27:34","modified_gmt":"2023-02-09T14:27:34","slug":"appartamenti","status":"publish","type":"page","link":"https:\/\/agriturismolecapanne.com\/it\/appartamenti\/","title":{"rendered":"Appartamenti"},"content":{"rendered":"<section class=\"wpb-content-wrapper\"><p>[vc_row][vc_column][vc_column_text]<\/p>\n<p class=\"style1\" style=\"text-align: justify;\"><strong>L\u2019agriturismo Le Capanne offre un\u2019accoglienza familiare in un autentico contesto rurale<\/strong>. <strong>Nell\u2019agriturismo vi sono tre soli appartamenti (Maria, Amelia, Andreina) per garantire un soggiorno confortevole ed esclusivo. Inoltre, a disposizione degli ospiti, uno spazio comune nel cuore della casa colonica dove \u00e8 ospitato anche il piccolo &#8220;museo contadino&#8221;.<br \/>\n<\/strong><\/p>\n<p class=\"style1\" style=\"text-align: justify;\"><strong>L&#8217;agriturismo \u00e8 in un antico casolare in pietra ristrutturato, nel quale sono stati ricavati i tre appartamenti indipendenti. Gli appartamenti sono completamente arredati, forniti di biancheria (letto, bagno e cucina), sono tutti dotati di cucina a gas con caminetto e dispongono inoltre di ingresso indipendente e spazio privato esterno attrezzato.\u00a0<\/strong><\/p>\n<p class=\"style1\" style=\"text-align: justify;\">L&#8217; Agriturismo Le Capanne dispone di <strong>piscina<\/strong> attrezzata (6m x 12m). Possibilit\u00e0 di <strong>letti aggiunti<\/strong>. Barbecue. <strong>Parcheggio<\/strong> privato. <strong>Strada sterrata<\/strong> di circa 1 Km (per raggiungere il nostro agriturismo \u00e8 necessaria un&#8217;automobile). Gli <strong>animali domestici<\/strong> sono i benvenuti, ma si richiede compatibilit\u00e0 con gli altri animali presenti nella struttura (galline, piccioni e gatti).\u00a0<strong>Utenze<\/strong> (elettricit\u00e0, acqua, gas durante il periodo estivo), <strong>biancheria<\/strong> (letto, cucina, bagno \u2013 cambio una volta a settimana, ma scopri qui sotto le nostre eco-formule) e uso della <strong>piscina<\/strong> (apertura stagionale) sono <strong>inclusi nel prezzo<\/strong>.<\/p>\n<p>[\/vc_column_text][\/vc_column][\/vc_row][vc_row][vc_column width=&#8221;1\/3&#8243; css=&#8221;.vc_custom_1450885278782{padding-top: 10px !important;padding-right: 10px !important;padding-bottom: 10px !important;padding-left: 10px !important;background-image: url(https:\/\/www.agriturismolecapanne.com\/wp-content\/uploads\/2014\/10\/IMG_3988.jpg?id=1390) !important;background-position: center !important;background-repeat: no-repeat !important;background-size: cover !important;}&#8221;][vc_column_text]<\/p>\n<h1 style=\"font-family: WoodFont; text-align: center; text-shadow: 0px 0px 8px rgba(0, 0, 0, 0.3);\"><span style=\"color: #ffffff;\">Appartamento Maria<\/span><\/h1>\n<p>[\/vc_column_text][vc_empty_space height=&#8221;190px&#8221;][vc_row_inner][vc_column_inner][vc_column_text]<\/p>\n<h2 style=\"text-align: center;\"><strong><span style=\"color: #ffffff;\"><a style=\"color: #ffffff; text-decoration: none;\" title=\"Appartamento Amelia\" href=\"\/it\/appartamenti\/appartamento-maria\/\">Informazioni <\/a>&#8211; <a style=\"color: #ffffff; text-decoration: none;\" title=\"Appartamento Prezzi per Appartamento Maria\" href=\"\/it\/appartamenti\/appartamento-maria\/#prezzi\">Prezzi<\/a><\/span><\/strong><\/h2>\n<p>[\/vc_column_text][\/vc_column_inner][\/vc_row_inner][\/vc_column][vc_column width=&#8221;1\/3&#8243; css=&#8221;.vc_custom_1675952851277{padding-top: 10px !important;padding-right: 10px !important;padding-bottom: 10px !important;padding-left: 10px !important;background-image: url(http:\/\/agriturismolecapanne.com\/wp-content\/uploads\/2023\/01\/Apt.-Amelia-the-living-area-pic.-A-1-scaled.jpg?id=2196) !important;background-position: center !important;background-repeat: no-repeat !important;background-size: cover !important;}&#8221;][vc_column_text]<\/p>\n<h1 style=\"font-family: WoodFont; text-align: center; text-shadow: 0px 0px 8px rgba(0, 0, 0, 0.3);\"><span style=\"color: #ffffff;\">Appartamento Amelia<\/span><\/h1>\n<p>[\/vc_column_text][vc_empty_space height=&#8221;190px&#8221;][vc_row_inner][vc_column_inner][vc_column_text]<\/p>\n<h2 style=\"text-align: center;\"><strong><span style=\"color: #ffffff;\"><a style=\"color: #ffffff; text-decoration: none;\" title=\"Appartamento Amelia\" href=\"\/it\/appartamenti\/appartamento-amelia\/\">Informazioni <\/a>&#8211; <a style=\"color: #ffffff; text-decoration: none;\" title=\"Prezzi per Appartamento Amelia\" href=\"\/it\/appartamenti\/appartamento-amelia\/#prezzi\">Prezzi<\/a><\/span><\/strong><\/h2>\n<p>[\/vc_column_text][\/vc_column_inner][\/vc_row_inner][\/vc_column][vc_column width=&#8221;1\/3&#8243; css=&#8221;.vc_custom_1554549669914{padding-top: 10px !important;padding-right: 10px !important;padding-bottom: 10px !important;padding-left: 10px !important;background-image: url(http:\/\/agriturismolecapanne.com\/wp-content\/uploads\/2019\/04\/The-living-area-of-the-apt.-Andreina-pic-A.jpg?id=2082) !important;background-position: center !important;background-repeat: no-repeat !important;background-size: cover !important;}&#8221;][vc_column_text]<\/p>\n<h1 style=\"font-family: WoodFont; text-align: center;\"><span style=\"color: #ffffff; text-shadow: 0px 0px 8px rgba(0, 0, 0, 0.3);\">Appartamento Andreina<\/span><\/h1>\n<p>[\/vc_column_text][vc_empty_space height=&#8221;150px&#8221;][vc_row_inner][vc_column_inner][vc_column_text]<\/p>\n<h2 style=\"text-align: center;\"><strong><span style=\"color: #ffffff;\"><a style=\"color: #ffffff; text-decoration: none;\" title=\"Appartamento Amelia\" href=\"\/it\/appartamenti\/appartamento-andreina\/\">Informazioni <\/a>&#8211; <a style=\"color: #ffffff; text-decoration: none;\" title=\"Prezzi per Appartamento Maria\" href=\"\/it\/appartamenti\/appartamento-andreina\/#prezzi\">Prezzi<\/a><\/span><\/strong><\/h2>\n<p>[\/vc_column_text][\/vc_column_inner][\/vc_row_inner][\/vc_column][\/vc_row][vc_row][vc_column][vc_column_text]<a name=\"eco-formule\"><\/a><\/p>\n<h1 style=\"font-family: WoodFont;\"><img loading=\"lazy\" class=\"alignleft wp-image-399\" src=\"https:\/\/www.agriturismolecapanne.com\/wp-content\/uploads\/2014\/11\/leaves3-300x182.png\" alt=\"leaves3\" width=\"40\" height=\"24\" \/>\u00a0Le Eco-Formule<\/h1>\n<p>[\/vc_column_text][vc_column_text]Abbiamo ideato le \u201c<strong>eco-formule<\/strong>\u201d. \u00c8 il nostro contributo a far s\u00ec che viaggiare diventi pi\u00f9 leggero, ecologicamente ed economicamente. Se anche tu credi che sostenibilit\u00e0 e risparmio possano andar d\u2019accordo, scopri qui sotto le eco-formule.[\/vc_column_text][vc_row_inner][vc_column_inner width=&#8221;1\/3&#8243;][vc_column_text]<\/p>\n<p style=\"text-align: center;\"><a href=\"https:\/\/www.agriturismolecapanne.com\/wp-content\/uploads\/2014\/10\/Thumbnail-2.png\"><img loading=\"lazy\" class=\"aligncenter wp-image-1643 size-full\" src=\"https:\/\/www.agriturismolecapanne.com\/wp-content\/uploads\/2014\/10\/Thumbnail-2.png\" alt=\"\" width=\"150\" height=\"137\" \/><\/a><\/p>\n<h3 style=\"text-align: center;\">Eco-detergenza<\/h3>\n<p>&nbsp;<\/p>\n<p style=\"text-align: center;\">Ottieni uno sconto <strong>utilizzando <\/strong>durante il tuo soggiorno<strong>, al posto di detergenti non biodegradabili, il kit per la detergenza eco-bio-prodotto localmente<\/strong> che potrai acquistare presso di noi (300 ml sapone mani-viso, 5.30 euro + 300 ml shampoo-doccia, 6.90 euro + 300 ml bagnoschiuma 6,50 euro): <strong>buono per la tua salute, per la terra e per le falde acquifere<\/strong>.<\/p>\n<p>[\/vc_column_text][\/vc_column_inner][vc_column_inner width=&#8221;1\/3&#8243;][\/vc_column_inner][vc_column_inner width=&#8221;1\/3&#8243;][vc_column_text]<\/p>\n<h3 style=\"text-align: center;\"><\/h3>\n<h3 style=\"text-align: center;\"><a href=\"https:\/\/www.agriturismolecapanne.com\/wp-content\/uploads\/2014\/10\/ecoformule_biancheria.png\"><img loading=\"lazy\" class=\"aligncenter wp-image-787 size-thumbnail\" src=\"https:\/\/www.agriturismolecapanne.com\/wp-content\/uploads\/2014\/10\/ecoformule_biancheria-150x150.png\" alt=\"ecoformule_biancheria\" width=\"150\" height=\"150\" srcset=\"https:\/\/agriturismolecapanne.com\/wp-content\/uploads\/2014\/10\/ecoformule_biancheria-150x150.png 150w, https:\/\/agriturismolecapanne.com\/wp-content\/uploads\/2014\/10\/ecoformule_biancheria-300x300.png 300w, https:\/\/agriturismolecapanne.com\/wp-content\/uploads\/2014\/10\/ecoformule_biancheria.png 512w\" sizes=\"(max-width: 150px) 100vw, 150px\" \/><\/a><\/h3>\n<h3 style=\"text-align: center;\">Biancheria Autogestita<\/h3>\n<p style=\"text-align: center;\">Se ami i viaggi itineranti e le <strong>soste brevi<\/strong> ma non vuoi rinunciare a sperimentare l\u2019accoglienza delle <strong>piccole strutture a conduzione familiare<\/strong>, ottieni uno <strong>sconto<\/strong> chiedendoci di portare la tua biancheria (lenzuola, federe e asciugamani). In questo modo, contribuendo a ridurre il numero di lavaggi, renderai possibile a noi e <strong>sostenibile<\/strong> per il pianeta ospitarti anche solo per poche notti (fare un bucato per sole due notti \u00e8 veramente uno spreco!).<\/p>\n<p>[\/vc_column_text][\/vc_column_inner][\/vc_row_inner][\/vc_column][\/vc_row][vc_row][vc_column width=&#8221;1\/2&#8243;][vc_column_text css=&#8221;.vc_custom_1560850374844{padding-top: 15px !important;padding-right: 15px !important;padding-bottom: 15px !important;padding-left: 15px !important;background-color: #ecf0f1 !important;}&#8221;]<\/p>\n<h1 style=\"font-family: WoodFont;\">Domande utili<\/h1>\n<p><strong>Come vengono applicate le eco-formule?\u00a0<\/strong>Le eco-formule sono applicate sul prezzo totale della della vacanza presso il nostro agriturismo.<\/p>\n<p><strong>Posso applicare sempre le eco-formule?<\/strong> No e la loro validit\u00e0 varia in base alla durata della tua permanenza e alle eco-formule gi\u00e0 scelte:<\/p>\n<ul>\n<li>Eco-detergenza: d\u00e0 diritto a uno sconto del 3% sul prezzo del soggiorno (per soggiorni nell&#8217;appartamento Maria \u00e8 previsto l&#8217;acquisto di 2 kit per poter usufruire dello sconto).<\/li>\n<li>Biancheria Autogestita: d\u00e0 diritto a uno sconto del 10% sul prezzo di soggiorno. Potrai usufruirne solo per soggiorni da 2 a 3 notti.<\/li>\n<\/ul>\n<p>[\/vc_column_text][\/vc_column][vc_column width=&#8221;1\/2&#8243;][vc_column_text css=&#8221;.vc_custom_1419012715515{padding-top: 15px !important;padding-right: 15px !important;padding-bottom: 15px !important;padding-left: 15px !important;}&#8221;]<\/p>\n<h1 style=\"font-family: WoodFont;\">Be green. Be social<\/h1>\n<p>Condividi con il mondo la tua passione per le eco-formule.[\/vc_column_text][vc_row_inner][vc_column_inner width=&#8221;1\/3&#8243;][vc_single_image image=&#8221;962&#8243; img_size=&#8221;130&#215;130&#8243; alignment=&#8221;center&#8221; onclick=&#8221;custom_link&#8221; img_link_target=&#8221;_blank&#8221; s=&#8221;100&#8243; link=&#8221;https:\/\/www.facebook.com\/dialog\/feed?app_id=694165360698061&amp;link=http%3A%2F%2Fwww.agriturismolecapanne.com%2Fappartamenti%2F%23eco-formule&amp;picture=http%3A%2F%2Fwww.agriturismolecapanne.com%2Fwp-content%2Fuploads%2F2014%2F10%2Ffoto_pagina_appartamenti.jpg&amp;name=Le%20Eco-Formue.%20Eco-Agriturismo%20Le%20Capanne&amp;caption=%20&amp;description=Abbiamo%20ideato%20le%20%E2%80%9Ceco-formule%E2%80%9D.%20%C3%88%20il%20nostro%20contributo%20a%20far%20s%C3%AC%20che%20viaggiare%20diventi%20pi%C3%B9%20leggero%2C%20ecologicamente%20ed%20economicamente.%20Se%20anche%20tu%20credi%20che%20sostenibilit%C3%A0%20e%20risparmio%20possano%20andar%20d%E2%80%99accordo%2C%20scopri%20qui%20sotto%20le%20eco-formule.&amp;redirect_uri=http%3A%2F%2Fwww.facebook.com%2F&#8221;][\/vc_column_inner][vc_column_inner width=&#8221;1\/3&#8243;][vc_single_image image=&#8221;966&#8243; img_size=&#8221;130&#215;130&#8243; alignment=&#8221;center&#8221; onclick=&#8221;custom_link&#8221; img_link_target=&#8221;_blank&#8221; link=&#8221;http:\/\/twitter.com\/intent\/tweet?text=%20Scopri%20le%20%23EcoFormule%20all&#8217;Eco-Agriturismo%20Le%20Capanne.%20Risparmi%20e%20difendi%20la%20natura.%20http%3A%2F%2Fbitly.com%2F1CaEGv3&#8243;][\/vc_column_inner][vc_column_inner width=&#8221;1\/3&#8243;][vc_single_image image=&#8221;1205&#8243; img_size=&#8221;130&#215;130&#8243; alignment=&#8221;center&#8221; onclick=&#8221;custom_link&#8221; img_link_target=&#8221;_blank&#8221; link=&#8221;mailto:?subject=Scopri%20le%20Eco-Formule%20all&#8217;Eco-Agriturismo%20Le%20Capanne&amp;body=Scopri%20come%20passare%20una%20meravigliosa%20vacanza%20in%20agriturismo%2C%20risparmiando%20e%20difendendo%20l&#8217;ambiente.%0Ahttp%3A%2F%2Fwww.agriturismolecapanne.com%2Fappartamenti%2F%23eco-formule&#8221;][\/vc_column_inner][\/vc_row_inner][\/vc_column][\/vc_row]<\/p>\n<\/section>","protected":false},"excerpt":{"rendered":"<p>[vc_row][vc_column][vc_column_text] L\u2019agriturismo Le Capanne offre un\u2019accoglienza familiare in un autentico contesto rurale. Nell\u2019agriturismo vi sono tre soli appartamenti (Maria, Amelia, Andreina) per garantire un soggiorno confortevole ed esclusivo. Inoltre, a disposizione degli ospiti, uno spazio comune nel cuore della casa colonica dove \u00e8 ospitato anche il piccolo &#8220;museo contadino&#8221;. L&#8217;agriturismo \u00e8 in un antico casolare [&hellip;]<\/p>\n","protected":false},"author":1,"featured_media":307,"parent":0,"menu_order":0,"comment_status":"closed","ping_status":"closed","template":"","meta":[],"yoast_head":"<!-- This site is optimized with the Yoast SEO plugin v16.9 - https:\/\/yoast.com\/wordpress\/plugins\/seo\/ -->\n<meta name=\"description\" content=\"Gli appartamenti sono dotati di cucina, ingresso indipendente e spazio esterno. Scoprite le nostre &quot;eco-formule&quot; per rendere la vacanza pi\u00f9 sostenibile\" \/>\n<meta name=\"robots\" content=\"index, follow, max-snippet:-1, max-image-preview:large, max-video-preview:-1\" \/>\n<link rel=\"canonical\" href=\"https:\/\/agriturismolecapanne.com\/it\/appartamenti\/\" \/>\n<meta property=\"og:locale\" content=\"it_IT\" \/>\n<meta property=\"og:type\" content=\"article\" \/>\n<meta property=\"og:title\" content=\"Appartamenti - Agriturismo Le Capanne\" \/>\n<meta property=\"og:description\" content=\"Gli appartamenti sono dotati di cucina, ingresso indipendente e spazio esterno. Scoprite le nostre &quot;eco-formule&quot; per rendere la vacanza pi\u00f9 sostenibile\" \/>\n<meta property=\"og:url\" content=\"https:\/\/agriturismolecapanne.com\/it\/appartamenti\/\" \/>\n<meta property=\"og:site_name\" content=\"Agriturismo Le Capanne\" \/>\n<meta property=\"article:modified_time\" content=\"2023-02-09T14:27:34+00:00\" \/>\n<meta property=\"og:image\" content=\"http:\/\/agriturismolecapanne.com\/wp-content\/uploads\/2014\/10\/foto_pagina_appartamenti.jpg\" \/>\n\t<meta property=\"og:image:width\" content=\"2048\" \/>\n\t<meta property=\"og:image:height\" content=\"672\" \/>\n<meta name=\"twitter:label1\" content=\"Tempo di lettura stimato\" \/>\n\t<meta name=\"twitter:data1\" content=\"4 minuti\" \/>\n<script type=\"application\/ld+json\" class=\"yoast-schema-graph\">{\"@context\":\"https:\/\/schema.org\",\"@graph\":[{\"@type\":\"WebSite\",\"@id\":\"https:\/\/agriturismolecapanne.com\/it\/#website\",\"url\":\"https:\/\/agriturismolecapanne.com\/it\/\",\"name\":\"Agriturismo Le Capanne\",\"description\":\"\",\"potentialAction\":[{\"@type\":\"SearchAction\",\"target\":{\"@type\":\"EntryPoint\",\"urlTemplate\":\"https:\/\/agriturismolecapanne.com\/it\/?s={search_term_string}\"},\"query-input\":\"required name=search_term_string\"}],\"inLanguage\":\"it-IT\"},{\"@type\":\"ImageObject\",\"@id\":\"https:\/\/agriturismolecapanne.com\/it\/appartamenti\/#primaryimage\",\"inLanguage\":\"it-IT\",\"url\":\"https:\/\/agriturismolecapanne.com\/wp-content\/uploads\/2014\/10\/foto_pagina_appartamenti.jpg\",\"contentUrl\":\"https:\/\/agriturismolecapanne.com\/wp-content\/uploads\/2014\/10\/foto_pagina_appartamenti.jpg\",\"width\":2048,\"height\":672},{\"@type\":\"WebPage\",\"@id\":\"https:\/\/agriturismolecapanne.com\/it\/appartamenti\/#webpage\",\"url\":\"https:\/\/agriturismolecapanne.com\/it\/appartamenti\/\",\"name\":\"Appartamenti - Agriturismo Le Capanne\",\"isPartOf\":{\"@id\":\"https:\/\/agriturismolecapanne.com\/it\/#website\"},\"primaryImageOfPage\":{\"@id\":\"https:\/\/agriturismolecapanne.com\/it\/appartamenti\/#primaryimage\"},\"datePublished\":\"2014-10-26T21:28:52+00:00\",\"dateModified\":\"2023-02-09T14:27:34+00:00\",\"description\":\"Gli appartamenti sono dotati di cucina, ingresso indipendente e spazio esterno. Scoprite le nostre \\\"eco-formule\\\" per rendere la vacanza pi\\u00f9 sostenibile\",\"breadcrumb\":{\"@id\":\"https:\/\/agriturismolecapanne.com\/it\/appartamenti\/#breadcrumb\"},\"inLanguage\":\"it-IT\",\"potentialAction\":[{\"@type\":\"ReadAction\",\"target\":[\"https:\/\/agriturismolecapanne.com\/it\/appartamenti\/\"]}]},{\"@type\":\"BreadcrumbList\",\"@id\":\"https:\/\/agriturismolecapanne.com\/it\/appartamenti\/#breadcrumb\",\"itemListElement\":[{\"@type\":\"ListItem\",\"position\":1,\"name\":\"Home\",\"item\":\"https:\/\/agriturismolecapanne.com\/it\/\"},{\"@type\":\"ListItem\",\"position\":2,\"name\":\"Appartamenti\"}]}]}<\/script>\n<!-- \/ Yoast SEO plugin. -->","yoast_head_json":{"description":"Gli appartamenti sono dotati di cucina, ingresso indipendente e spazio esterno. Scoprite le nostre \"eco-formule\" per rendere la vacanza pi\u00f9 sostenibile","robots":{"index":"index","follow":"follow","max-snippet":"max-snippet:-1","max-image-preview":"max-image-preview:large","max-video-preview":"max-video-preview:-1"},"canonical":"https:\/\/agriturismolecapanne.com\/it\/appartamenti\/","og_locale":"it_IT","og_type":"article","og_title":"Appartamenti - Agriturismo Le Capanne","og_description":"Gli appartamenti sono dotati di cucina, ingresso indipendente e spazio esterno. Scoprite le nostre \"eco-formule\" per rendere la vacanza pi\u00f9 sostenibile","og_url":"https:\/\/agriturismolecapanne.com\/it\/appartamenti\/","og_site_name":"Agriturismo Le Capanne","article_modified_time":"2023-02-09T14:27:34+00:00","og_image":[{"width":2048,"height":672,"url":"http:\/\/agriturismolecapanne.com\/wp-content\/uploads\/2014\/10\/foto_pagina_appartamenti.jpg","path":"\/home\/agriturismolecap\/webapps\/agriturismolecapanne_com\/wp-content\/uploads\/2014\/10\/foto_pagina_appartamenti.jpg","size":"full","id":307,"alt":"","pixels":1376256,"type":"image\/jpeg"}],"twitter_misc":{"Tempo di lettura stimato":"4 minuti"},"schema":{"@context":"https:\/\/schema.org","@graph":[{"@type":"WebSite","@id":"https:\/\/agriturismolecapanne.com\/it\/#website","url":"https:\/\/agriturismolecapanne.com\/it\/","name":"Agriturismo Le Capanne","description":"","potentialAction":[{"@type":"SearchAction","target":{"@type":"EntryPoint","urlTemplate":"https:\/\/agriturismolecapanne.com\/it\/?s={search_term_string}"},"query-input":"required name=search_term_string"}],"inLanguage":"it-IT"},{"@type":"ImageObject","@id":"https:\/\/agriturismolecapanne.com\/it\/appartamenti\/#primaryimage","inLanguage":"it-IT","url":"https:\/\/agriturismolecapanne.com\/wp-content\/uploads\/2014\/10\/foto_pagina_appartamenti.jpg","contentUrl":"https:\/\/agriturismolecapanne.com\/wp-content\/uploads\/2014\/10\/foto_pagina_appartamenti.jpg","width":2048,"height":672},{"@type":"WebPage","@id":"https:\/\/agriturismolecapanne.com\/it\/appartamenti\/#webpage","url":"https:\/\/agriturismolecapanne.com\/it\/appartamenti\/","name":"Appartamenti - Agriturismo Le Capanne","isPartOf":{"@id":"https:\/\/agriturismolecapanne.com\/it\/#website"},"primaryImageOfPage":{"@id":"https:\/\/agriturismolecapanne.com\/it\/appartamenti\/#primaryimage"},"datePublished":"2014-10-26T21:28:52+00:00","dateModified":"2023-02-09T14:27:34+00:00","description":"Gli appartamenti sono dotati di cucina, ingresso indipendente e spazio esterno. Scoprite le nostre \"eco-formule\" per rendere la vacanza pi\u00f9 sostenibile","breadcrumb":{"@id":"https:\/\/agriturismolecapanne.com\/it\/appartamenti\/#breadcrumb"},"inLanguage":"it-IT","potentialAction":[{"@type":"ReadAction","target":["https:\/\/agriturismolecapanne.com\/it\/appartamenti\/"]}]},{"@type":"BreadcrumbList","@id":"https:\/\/agriturismolecapanne.com\/it\/appartamenti\/#breadcrumb","itemListElement":[{"@type":"ListItem","position":1,"name":"Home","item":"https:\/\/agriturismolecapanne.com\/it\/"},{"@type":"ListItem","position":2,"name":"Appartamenti"}]}]}},"_links":{"self":[{"href":"https:\/\/agriturismolecapanne.com\/it\/wp-json\/wp\/v2\/pages\/115"}],"collection":[{"href":"https:\/\/agriturismolecapanne.com\/it\/wp-json\/wp\/v2\/pages"}],"about":[{"href":"https:\/\/agriturismolecapanne.com\/it\/wp-json\/wp\/v2\/types\/page"}],"author":[{"embeddable":true,"href":"https:\/\/agriturismolecapanne.com\/it\/wp-json\/wp\/v2\/users\/1"}],"replies":[{"embeddable":true,"href":"https:\/\/agriturismolecapanne.com\/it\/wp-json\/wp\/v2\/comments?post=115"}],"version-history":[{"count":0,"href":"https:\/\/agriturismolecapanne.com\/it\/wp-json\/wp\/v2\/pages\/115\/revisions"}],"wp:featuredmedia":[{"embeddable":true,"href":"https:\/\/agriturismolecapanne.com\/it\/wp-json\/wp\/v2\/media\/307"}],"wp:attachment":[{"href":"https:\/\/agriturismolecapanne.com\/it\/wp-json\/wp\/v2\/media?parent=115"}],"curies":[{"name":"wp","href":"https:\/\/api.w.org\/{rel}","templated":true}]}}